{"id":178,"date":"2019-07-07T01:06:16","date_gmt":"2019-07-07T01:06:16","guid":{"rendered":"http:\/\/signnarva.ee\/?page_id=178"},"modified":"2023-11-28T01:13:00","modified_gmt":"2023-11-28T01:13:00","slug":"registreerimine","status":"publish","type":"page","link":"https:\/\/signnarva.ee\/?page_id=178","title":{"rendered":"\u00d5ppet\u00f6\u00f6 korraldus"},"content":{"rendered":"<a href=\"https:\/\/signnarva.ee\/wp-content\/uploads\/2023\/11\/Oppetoo-korraldus-uus-2021.docx-1-2.pdf\" class=\"pdfemb-viewer\" style=\"\" data-width=\"max\" data-height=\"max\" data-mobile-width=\"500\"  data-scrollbar=\"none\" data-download=\"on\" data-tracking=\"on\" data-newwindow=\"on\" data-pagetextbox=\"off\" data-scrolltotop=\"off\" data-startzoom=\"100\" data-startfpzoom=\"100\" data-toolbar=\"bottom\" data-toolbar-fixed=\"off\">\u00d5ppet\u00f6\u00f6 korraldus uus 2021.docx (1)<br\/><\/a>\n","protected":false},"excerpt":{"rendered":"","protected":false},"author":1,"featured_media":0,"parent":0,"menu_order":0,"comment_status":"closed","ping_status":"closed","template":"","meta":[],"_links":{"self":[{"href":"https:\/\/signnarva.ee\/index.php?rest_route=\/wp\/v2\/pages\/178"}],"collection":[{"href":"https:\/\/signnarva.ee\/index.php?rest_route=\/wp\/v2\/pages"}],"about":[{"href":"https:\/\/signnarva.ee\/index.php?rest_route=\/wp\/v2\/types\/page"}],"author":[{"embeddable":true,"href":"https:\/\/signnarva.ee\/index.php?rest_route=\/wp\/v2\/users\/1"}],"replies":[{"embeddable":true,"href":"https:\/\/signnarva.ee\/index.php?rest_route=%2Fwp%2Fv2%2Fcomments&post=178"}],"version-history":[{"count":27,"href":"https:\/\/signnarva.ee\/index.php?rest_route=\/wp\/v2\/pages\/178\/revisions"}],"predecessor-version":[{"id":589,"href":"https:\/\/signnarva.ee\/index.php?rest_route=\/wp\/v2\/pages\/178\/revisions\/589"}],"wp:attachment":[{"href":"https:\/\/signnarva.ee\/index.php?rest_route=%2Fwp%2Fv2%2Fmedia&parent=178"}],"curies":[{"name":"wp","href":"https:\/\/api.w.org\/{rel}","templated":true}]}}