{"id":307,"date":"2020-02-10T10:47:05","date_gmt":"2020-02-10T10:47:05","guid":{"rendered":"http:\/\/signnarva.ee\/?page_id=307"},"modified":"2020-06-08T03:16:23","modified_gmt":"2020-06-08T03:16:23","slug":"tagasisidekusitlus","status":"publish","type":"page","link":"https:\/\/signnarva.ee\/?page_id=307","title":{"rendered":"TAGASISIDEK\u00dcSITLUS"},"content":{"rendered":"<p>Hea keele\u00f5ppija, p\u00f6\u00f6rdume Teie poole palvega p\u00fchendada m\u00f5ned minutid tagasivaateks k\u00e4esolevale keelekursusele. Selleks, et paremini m\u00f5ista \u00f5ppijate ootusi keelekursustele ja parandada edaspidi veelgi \u00f5petamise kvaliteeti, palume Teil vastata j\u00e4rgnevatele k\u00fcsimustele. K\u00fcsimustiku t\u00e4itmine v\u00f5tab aega umbes 10 minutit.<\/p>\n<div role=\"form\" class=\"wpcf7\" id=\"wpcf7-f309-o1\" lang=\"ru-RU\" dir=\"ltr\">\n<div class=\"screen-reader-response\"><\/div>\n<form action=\"\/index.php?rest_route=%2Fwp%2Fv2%2Fpages%2F307#wpcf7-f309-o1\" method=\"post\" class=\"wpcf7-form\" novalidate=\"novalidate\">\n<div style=\"display: none;\">\n<input type=\"hidden\" name=\"_wpcf7\" value=\"309\" \/>\n<input type=\"hidden\" name=\"_wpcf7_version\" value=\"5.1.3\" \/>\n<input type=\"hidden\" name=\"_wpcf7_locale\" value=\"ru_RU\" \/>\n<input type=\"hidden\" name=\"_wpcf7_unit_tag\" value=\"wpcf7-f309-o1\" \/>\n<input type=\"hidden\" name=\"_wpcf7_container_post\" value=\"0\" \/>\n<\/div>\n<p><label>\u00d5pitav keel<\/label><\/p>\n<p><span class=\"wpcf7-form-control-wrap menu-119\"><select name=\"menu-119\" class=\"wpcf7-form-control wpcf7-select\" aria-invalid=\"false\"><option value=\"\">---<\/option><option value=\"Eesti\">Eesti<\/option><\/select><\/span><\/p>\n<p><label>Kursuse keeletase<\/label><\/p>\n<p><span class=\"wpcf7-form-control-wrap menu-794\"><select name=\"menu-794\" class=\"wpcf7-form-control wpcf7-select\" aria-invalid=\"false\"><option value=\"A1.1 - algtase\">A1.1 - algtase<\/option><option value=\"A1.2 - elementaartase\">A1.2 - elementaartase<\/option><option value=\"A2 - madalam kesktase\">A2 - madalam kesktase<\/option><option value=\"B1 - kesktase\">B1 - kesktase<\/option><\/select><\/span><\/p>\n<p><label>\u00d5ppevorm<\/label><\/p>\n<p><span class=\"wpcf7-form-control-wrap menu-153\"><select name=\"menu-153\" class=\"wpcf7-form-control wpcf7-select\" aria-invalid=\"false\"><option value=\"Individuaal\u00f5pe (1-2 \u00f5ppijat)\">Individuaal\u00f5pe (1-2 \u00f5ppijat)<\/option><option value=\"Minigrupi\u00f5pe (3-5 \u00f5ppijat grupis)\">Minigrupi\u00f5pe (3-5 \u00f5ppijat grupis)<\/option><option value=\"Grupi\u00f5pe (6-... \u00f5ppijat grupis)\">Grupi\u00f5pe (6-... \u00f5ppijat grupis)<\/option><\/select><\/span><\/p>\n<p><label>Ettev\u00f5te (kui koolituse tellis t\u00f6\u00f6andja)<\/label><\/p>\n<p><span class=\"wpcf7-form-control-wrap text-109\"><input type=\"text\" name=\"text-109\" value=\"\" size=\"40\" class=\"wpcf7-form-control wpcf7-text\" aria-invalid=\"false\" \/><\/span><\/p>\n<p><label>\u00d5petaja<\/label><\/p>\n<p><span class=\"wpcf7-form-control-wrap text-307\"><input type=\"text\" name=\"text-307\" value=\"\" size=\"40\" class=\"wpcf7-form-control wpcf7-text\" aria-invalid=\"false\" \/><\/span><\/p>\n<p><label>K\u00e4esolev kursus toimus ajavahemikul (algus ja l\u00f5pp)<\/label><\/p>\n<p><span class=\"wpcf7-form-control-wrap text-568\"><input type=\"text\" name=\"text-568\" value=\"\" size=\"40\" class=\"wpcf7-form-control wpcf7-text\" aria-invalid=\"false\" \/><\/span><\/p>\n<p><label>Palun hinnake kuiv\u00f5rd olete rahule j\u00e4\u00e4nud selle keelekursusega tervikuna? (Palun andke oma hinnang 10-pallisel skaalal, kus 10-v\u00e4ga rahul ja 1- t\u00e4iesti rahulolematu).<\/label><\/p>\n<p><span class=\"wpcf7-form-control-wrap menu-313\"><select name=\"menu-313\" class=\"wpcf7-form-control wpcf7-select\" aria-invalid=\"false\"><option value=\"1 - t\u00e4iesti rahulolematu\">1 - t\u00e4iesti rahulolematu<\/option><option value=\"2\">2<\/option><option value=\"3\">3<\/option><option value=\"4\">4<\/option><option value=\"5\">5<\/option><option value=\"6\">6<\/option><option value=\"7\">7<\/option><option value=\"8\">8<\/option><option value=\"9\">9<\/option><option value=\"10 - v\u00e4ga rahul\">10 - v\u00e4ga rahul<\/option><\/select><\/span><\/p>\n<p><label>Kuiv\u00f5rd on see kursus Teie ootustele vastanud?<\/label><\/p>\n<p><span class=\"wpcf7-form-control-wrap menu-314\"><select name=\"menu-314\" class=\"wpcf7-form-control wpcf7-select\" aria-invalid=\"false\"><option value=\"1 - ei ole \u00fcldse minu ootustele vastav\">1 - ei ole \u00fcldse minu ootustele vastav<\/option><option value=\"2\">2<\/option><option value=\"3\">3<\/option><option value=\"4\">4<\/option><option value=\"5\">5<\/option><option value=\"6\">6<\/option><option value=\"7\">7<\/option><option value=\"8\">8<\/option><option value=\"9\">9<\/option><option value=\"10 - \u00fcletab minu ootusi\">10 - \u00fcletab minu ootusi<\/option><\/select><\/span><\/p>\n<p><label>Milliseks hindate sellelt kursuselt saadud kasu \u00f5pitava keeleomandamisel?<\/label><\/p>\n<p><span class=\"wpcf7-form-control-wrap menu-315\"><select name=\"menu-315\" class=\"wpcf7-form-control wpcf7-select\" aria-invalid=\"false\"><option value=\"1 - sellest kursusest pole \u00fcldse kasu olnud\">1 - sellest kursusest pole \u00fcldse kasu olnud<\/option><option value=\"2\">2<\/option><option value=\"3\">3<\/option><option value=\"4\">4<\/option><option value=\"5\">5<\/option><option value=\"6\">6<\/option><option value=\"7\">7<\/option><option value=\"8\">8<\/option><option value=\"9\">9<\/option><option value=\"10 - sellest kursusest on v\u00e4ga palju kasu olnud\">10 - sellest kursusest on v\u00e4ga palju kasu olnud<\/option><\/select><\/span><\/p>\n<p><label>Palun p\u00f5hjendage l\u00fchidalt oma eelnevaid hinnaguid: *<\/label><\/p>\n<p><span class=\"wpcf7-form-control-wrap textarea-89\"><textarea name=\"textarea-89\" cols=\"40\" rows=\"10\" class=\"wpcf7-form-control wpcf7-textarea wpcf7-validates-as-required\" aria-required=\"true\" aria-invalid=\"false\"><\/textarea><\/span><\/p>\n<h3>KURSUSE SISU<\/h3>\n<p>J\u00e4rgnevalt on esitatud rida v\u00e4iteid. Palume Teil m\u00f5elda, kuiv\u00f5rd need v\u00e4ited toimunud keeletundides paika pidasid. palun andke oma hinnang 10-pallisel skaalal, kus 10 t\u00e4hendab, et olete antud v\u00e4itega t\u00e4iesti n\u00f5us ning 1 t\u00e4hendab, et Te ei ole selle v\u00e4itega \u00fcldse n\u00f5us.<\/p>\n<p><label>K\u00e4sitletud teemad olid praktilised ja vajalikud.<br \/>\n<\/label><\/p>\n<p><span class=\"wpcf7-form-control-wrap menu-316\"><select name=\"menu-316\" class=\"wpcf7-form-control wpcf7-select\" aria-invalid=\"false\"><option value=\"1 - ei n\u00f5ustu \u00fcldse\">1 - ei n\u00f5ustu \u00fcldse<\/option><option value=\"2\">2<\/option><option value=\"3\">3<\/option><option value=\"4\">4<\/option><option value=\"5\">5<\/option><option value=\"6\">6<\/option><option value=\"7\">7<\/option><option value=\"8\">8<\/option><option value=\"9\">9<\/option><option value=\"10 - t\u00e4iesti n\u00f5us\">10 - t\u00e4iesti n\u00f5us<\/option><\/select><\/span><\/p>\n<p><label>Teemade valikul arvestas \u00f5petaja piisavalt minu soovide ja vajadustega.<\/label><\/p>\n<p><span class=\"wpcf7-form-control-wrap menu-317\"><select name=\"menu-317\" class=\"wpcf7-form-control wpcf7-select\" aria-invalid=\"false\"><option value=\"1 - ei n\u00f5ustu \u00fcldse\">1 - ei n\u00f5ustu \u00fcldse<\/option><option value=\"2\">2<\/option><option value=\"3\">3<\/option><option value=\"4\">4<\/option><option value=\"5\">5<\/option><option value=\"6\">6<\/option><option value=\"7\">7<\/option><option value=\"8\">8<\/option><option value=\"9\">9<\/option><option value=\"10 - t\u00e4iesti n\u00f5us\">10 - t\u00e4iesti n\u00f5us<\/option><\/select><\/span><\/p>\n<p><label>\u00d5hkkond tundides oli meeldiv ja motiveeriv.<br \/>\n<\/label><\/p>\n<p><span class=\"wpcf7-form-control-wrap menu-318\"><select name=\"menu-318\" class=\"wpcf7-form-control wpcf7-select\" aria-invalid=\"false\"><option value=\"1 - ei n\u00f5ustu \u00fcldse\">1 - ei n\u00f5ustu \u00fcldse<\/option><option value=\"2\">2<\/option><option value=\"3\">3<\/option><option value=\"4\">4<\/option><option value=\"5\">5<\/option><option value=\"6\">6<\/option><option value=\"7\">7<\/option><option value=\"8\">8<\/option><option value=\"9\">9<\/option><option value=\"10 - t\u00e4iesti n\u00f5us\">10 - t\u00e4iesti n\u00f5us<\/option><\/select><\/span><\/p>\n<p><label>Tunnid olid h\u00e4sti l\u00e4bi m\u00f5eldud ja loogiliselt \u00fcles ehitatud.<br \/>\n<\/label><\/p>\n<p><span class=\"wpcf7-form-control-wrap menu-319\"><select name=\"menu-319\" class=\"wpcf7-form-control wpcf7-select\" aria-invalid=\"false\"><option value=\"1 - ei n\u00f5ustu \u00fcldse\">1 - ei n\u00f5ustu \u00fcldse<\/option><option value=\"2\">2<\/option><option value=\"3\">3<\/option><option value=\"4\">4<\/option><option value=\"5\">5<\/option><option value=\"6\">6<\/option><option value=\"7\">7<\/option><option value=\"8\">8<\/option><option value=\"9\">9<\/option><option value=\"10 - t\u00e4iesti n\u00f5us\">10 - t\u00e4iesti n\u00f5us<\/option><\/select><\/span><\/p>\n<p><label>Tundides sain piisavalt ise r\u00e4\u00e4kida ja \u00f5pitut praktiseerida.<br \/>\n<\/label><\/p>\n<p><span class=\"wpcf7-form-control-wrap menu-320\"><select name=\"menu-320\" class=\"wpcf7-form-control wpcf7-select\" aria-invalid=\"false\"><option value=\"1 - ei n\u00f5ustu \u00fcldse\">1 - ei n\u00f5ustu \u00fcldse<\/option><option value=\"2\">2<\/option><option value=\"3\">3<\/option><option value=\"4\">4<\/option><option value=\"5\">5<\/option><option value=\"6\">6<\/option><option value=\"7\">7<\/option><option value=\"8\">8<\/option><option value=\"9\">9<\/option><option value=\"10 - t\u00e4iesti n\u00f5us\">10 - t\u00e4iesti n\u00f5us<\/option><\/select><\/span><\/p>\n<p><label>\u00d5petaja m\u00e4rkas minu n\u00f5rku kohti ja pakkus vajadusel piisavalt tuge.<br \/>\n<\/label><\/p>\n<p><span class=\"wpcf7-form-control-wrap menu-321\"><select name=\"menu-321\" class=\"wpcf7-form-control wpcf7-select\" aria-invalid=\"false\"><option value=\"1 - ei n\u00f5ustu \u00fcldse\">1 - ei n\u00f5ustu \u00fcldse<\/option><option value=\"2\">2<\/option><option value=\"3\">3<\/option><option value=\"4\">4<\/option><option value=\"5\">5<\/option><option value=\"6\">6<\/option><option value=\"7\">7<\/option><option value=\"8\">8<\/option><option value=\"9\">9<\/option><option value=\"10 - t\u00e4iesti n\u00f5us\">10 - t\u00e4iesti n\u00f5us<\/option><\/select><\/span><\/p>\n<p><label>\u00d5petaja selgitused tunnis olid selged, lihtsad ja konkreetsed.<br \/>\n<\/label><\/p>\n<p><span class=\"wpcf7-form-control-wrap menu-322\"><select name=\"menu-322\" class=\"wpcf7-form-control wpcf7-select\" aria-invalid=\"false\"><option value=\"1 - ei n\u00f5ustu \u00fcldse\">1 - ei n\u00f5ustu \u00fcldse<\/option><option value=\"2\">2<\/option><option value=\"3\">3<\/option><option value=\"4\">4<\/option><option value=\"5\">5<\/option><option value=\"6\">6<\/option><option value=\"7\">7<\/option><option value=\"8\">8<\/option><option value=\"9\">9<\/option><option value=\"10 - t\u00e4iesti n\u00f5us\">10 - t\u00e4iesti n\u00f5us<\/option><\/select><\/span><\/p>\n<p><label>\u00d5petaja oli positiivne ja kaasahaarav.<br \/>\n<\/label><\/p>\n<p><span class=\"wpcf7-form-control-wrap menu-323\"><select name=\"menu-323\" class=\"wpcf7-form-control wpcf7-select\" aria-invalid=\"false\"><option value=\"1 - ei n\u00f5ustu \u00fcldse\">1 - ei n\u00f5ustu \u00fcldse<\/option><option value=\"2\">2<\/option><option value=\"3\">3<\/option><option value=\"4\">4<\/option><option value=\"5\">5<\/option><option value=\"6\">6<\/option><option value=\"7\">7<\/option><option value=\"8\">8<\/option><option value=\"9\">9<\/option><option value=\"10 - t\u00e4iesti n\u00f5us\">10 - t\u00e4iesti n\u00f5us<\/option><\/select><\/span><\/p>\n<p><label>\u00d5petaja viis tunni l\u00e4bi p\u00f5hiliselt \u00f5pitavas keeles, tugikeelt kasutas ta minimaalselt.<br \/>\n<\/label><\/p>\n<p><span class=\"wpcf7-form-control-wrap menu-324\"><select name=\"menu-324\" class=\"wpcf7-form-control wpcf7-select\" aria-invalid=\"false\"><option value=\"1 - ei n\u00f5ustu \u00fcldse\">1 - ei n\u00f5ustu \u00fcldse<\/option><option value=\"2\">2<\/option><option value=\"3\">3<\/option><option value=\"4\">4<\/option><option value=\"5\">5<\/option><option value=\"6\">6<\/option><option value=\"7\">7<\/option><option value=\"8\">8<\/option><option value=\"9\">9<\/option><option value=\"10 - t\u00e4iesti n\u00f5us\">10 - t\u00e4iesti n\u00f5us<\/option><\/select><\/span><\/p>\n<p><label>Tunnid olid huvitavad ja vaheldusrikkad.<br \/>\n<\/label><\/p>\n<p><span class=\"wpcf7-form-control-wrap menu-330\"><select name=\"menu-330\" class=\"wpcf7-form-control wpcf7-select\" aria-invalid=\"false\"><option value=\"1 - ei n\u00f5ustu \u00fcldse\">1 - ei n\u00f5ustu \u00fcldse<\/option><option value=\"2\">2<\/option><option value=\"3\">3<\/option><option value=\"4\">4<\/option><option value=\"5\">5<\/option><option value=\"6\">6<\/option><option value=\"7\">7<\/option><option value=\"8\">8<\/option><option value=\"9\">9<\/option><option value=\"10 - t\u00e4iesti n\u00f5us\">10 - t\u00e4iesti n\u00f5us<\/option><\/select><\/span><\/p>\n<p><label>Tundide tempo oli mulle paras.<br \/>\n<\/label><\/p>\n<p><span class=\"wpcf7-form-control-wrap menu-325\"><select name=\"menu-325\" class=\"wpcf7-form-control wpcf7-select\" aria-invalid=\"false\"><option value=\"1 - ei n\u00f5ustu \u00fcldse\">1 - ei n\u00f5ustu \u00fcldse<\/option><option value=\"2\">2<\/option><option value=\"3\">3<\/option><option value=\"4\">4<\/option><option value=\"5\">5<\/option><option value=\"6\">6<\/option><option value=\"7\">7<\/option><option value=\"8\">8<\/option><option value=\"9\">9<\/option><option value=\"10 - t\u00e4iesti n\u00f5us\">10 - t\u00e4iesti n\u00f5us<\/option><\/select><\/span><\/p>\n<p><label>\u00d5ppematerjalid olid kaasaegsed ja asjakohased.<br \/>\n<\/label><\/p>\n<p><span class=\"wpcf7-form-control-wrap menu-326\"><select name=\"menu-326\" class=\"wpcf7-form-control wpcf7-select\" aria-invalid=\"false\"><option value=\"1 - ei n\u00f5ustu \u00fcldse\">1 - ei n\u00f5ustu \u00fcldse<\/option><option value=\"2\">2<\/option><option value=\"3\">3<\/option><option value=\"4\">4<\/option><option value=\"5\">5<\/option><option value=\"6\">6<\/option><option value=\"7\">7<\/option><option value=\"8\">8<\/option><option value=\"9\">9<\/option><option value=\"10 - t\u00e4iesti n\u00f5us\">10 - t\u00e4iesti n\u00f5us<\/option><\/select><\/span><\/p>\n<p><label>Materjali oli piisavalt, mitte liiga palju ega liiga v\u00e4he.<br \/>\n<\/label><\/p>\n<p><span class=\"wpcf7-form-control-wrap menu-327\"><select name=\"menu-327\" class=\"wpcf7-form-control wpcf7-select\" aria-invalid=\"false\"><option value=\"1 - ei n\u00f5ustu \u00fcldse\">1 - ei n\u00f5ustu \u00fcldse<\/option><option value=\"2\">2<\/option><option value=\"3\">3<\/option><option value=\"4\">4<\/option><option value=\"5\">5<\/option><option value=\"6\">6<\/option><option value=\"7\">7<\/option><option value=\"8\">8<\/option><option value=\"9\">9<\/option><option value=\"10 - t\u00e4iesti n\u00f5us\">10 - t\u00e4iesti n\u00f5us<\/option><\/select><\/span><\/p>\n<p><label>1. Kui t\u00f5en\u00e4oliselt soovitaksite SignNarva keeltekoolina oma s\u00f5pradele ja tuttavatele? Palun andke oma hinnang 10- pallisel skaalal, kus 10 on kindlasti soovitaks ja 1 - kindlasti ei soovitaks.<br \/>\n<\/label><\/p>\n<p><span class=\"wpcf7-form-control-wrap menu-328\"><select name=\"menu-328\" class=\"wpcf7-form-control wpcf7-select\" aria-invalid=\"false\"><option value=\"1 - kindlasti ei soovitaks\">1 - kindlasti ei soovitaks<\/option><option value=\"2\">2<\/option><option value=\"3\">3<\/option><option value=\"4\">4<\/option><option value=\"5\">5<\/option><option value=\"6\">6<\/option><option value=\"7\">7<\/option><option value=\"8\">8<\/option><option value=\"9\">9<\/option><option value=\"10 - kindlasti soovitaks\">10 - kindlasti soovitaks<\/option><\/select><\/span><\/p>\n<p><label>2. Kui t\u00f5en\u00e4oliselt tulete keele\u00f5ppe vajaduse tekkimisel ka edaspidi SignNarva \u00f5ppima?<br \/>\n<\/label><\/p>\n<p><span class=\"wpcf7-form-control-wrap menu-329\"><select name=\"menu-329\" class=\"wpcf7-form-control wpcf7-select\" aria-invalid=\"false\"><option value=\"1 - v\u00e4ga ebat\u00f5en\u00e4oline\">1 - v\u00e4ga ebat\u00f5en\u00e4oline<\/option><option value=\"2\">2<\/option><option value=\"3\">3<\/option><option value=\"4\">4<\/option><option value=\"5\">5<\/option><option value=\"6\">6<\/option><option value=\"7\">7<\/option><option value=\"8\">8<\/option><option value=\"9\">9<\/option><option value=\"10 - v\u00e4ga t\u00f5en\u00e4oline\">10 - v\u00e4ga t\u00f5en\u00e4oline<\/option><\/select><\/span><\/p>\n<p><label>3. Palun p\u00f5hjendage l\u00fchidalt oma kahte viimast arvamust:<br \/>\n<\/label><\/p>\n<p><span class=\"wpcf7-form-control-wrap textarea-575\"><textarea name=\"textarea-575\" cols=\"40\" rows=\"10\" class=\"wpcf7-form-control wpcf7-textarea\" aria-invalid=\"false\"><\/textarea><\/span><\/p>\n<p><label>Mida soovitaksite SignNarva edaspidiseks?<br \/>\n<\/label><\/p>\n<p><span class=\"wpcf7-form-control-wrap textarea-576\"><textarea name=\"textarea-576\" cols=\"40\" rows=\"10\" class=\"wpcf7-form-control wpcf7-textarea\" aria-invalid=\"false\"><\/textarea><\/span><\/p>\n<h3>TEIE \u00dcLDANDMED<\/h3>\n<p><label>Sugu<\/label><\/p>\n<p><span class=\"wpcf7-form-control-wrap radio-78\"><span class=\"wpcf7-form-control wpcf7-radio\"><span class=\"wpcf7-list-item first\"><input type=\"radio\" name=\"radio-78\" value=\"Naine\" checked=\"checked\" \/><span class=\"wpcf7-list-item-label\">Naine<\/span><\/span><span class=\"wpcf7-list-item last\"><input type=\"radio\" name=\"radio-78\" value=\"Mees\" \/><span class=\"wpcf7-list-item-label\">Mees<\/span><\/span><\/span><\/span><\/p>\n<p><label>Vanus<\/label><\/p>\n<p><span class=\"wpcf7-form-control-wrap radio-77\"><span class=\"wpcf7-form-control wpcf7-radio\"><span class=\"wpcf7-list-item first\"><input type=\"radio\" name=\"radio-77\" value=\"...-20\" checked=\"checked\" \/><span class=\"wpcf7-list-item-label\">...-20<\/span><\/span><span class=\"wpcf7-list-item\"><input type=\"radio\" name=\"radio-77\" value=\"21-25\" \/><span class=\"wpcf7-list-item-label\">21-25<\/span><\/span><span class=\"wpcf7-list-item\"><input type=\"radio\" name=\"radio-77\" value=\"26-30\" \/><span class=\"wpcf7-list-item-label\">26-30<\/span><\/span><span class=\"wpcf7-list-item\"><input type=\"radio\" name=\"radio-77\" value=\"31-35\" \/><span class=\"wpcf7-list-item-label\">31-35<\/span><\/span><span class=\"wpcf7-list-item\"><input type=\"radio\" name=\"radio-77\" value=\"36-40\" \/><span class=\"wpcf7-list-item-label\">36-40<\/span><\/span><span class=\"wpcf7-list-item\"><input type=\"radio\" name=\"radio-77\" value=\"41-45\" \/><span class=\"wpcf7-list-item-label\">41-45<\/span><\/span><span class=\"wpcf7-list-item\"><input type=\"radio\" name=\"radio-77\" value=\"46-50\" \/><span class=\"wpcf7-list-item-label\">46-50<\/span><\/span><span class=\"wpcf7-list-item\"><input type=\"radio\" name=\"radio-77\" value=\"51-55\" \/><span class=\"wpcf7-list-item-label\">51-55<\/span><\/span><span class=\"wpcf7-list-item\"><input type=\"radio\" name=\"radio-77\" value=\"56-60\" \/><span class=\"wpcf7-list-item-label\">56-60<\/span><\/span><span class=\"wpcf7-list-item last\"><input type=\"radio\" name=\"radio-77\" value=\"61-...\" \/><span class=\"wpcf7-list-item-label\">61-...<\/span><\/span><\/span><\/span><\/p>\n<p><label>Kuidas sellele keelekursusele j\u00f5udsite? (M\u00e4rgistage k\u00f5ik sobivad)<\/label><\/p>\n<p><span class=\"wpcf7-form-control-wrap checkbox-764\"><span class=\"wpcf7-form-control wpcf7-checkbox\"><span class=\"wpcf7-list-item first\"><input type=\"checkbox\" name=\"checkbox-764[]\" value=\"Olen SignNarva ka varem \u00f5ppinud\" \/><span class=\"wpcf7-list-item-label\">Olen SignNarva ka varem \u00f5ppinud<\/span><\/span><span class=\"wpcf7-list-item\"><input type=\"checkbox\" name=\"checkbox-764[]\" value=\"SignNarva v\u00f5ttis minuga ise \u00fchendust\" \/><span class=\"wpcf7-list-item-label\">SignNarva v\u00f5ttis minuga ise \u00fchendust<\/span><\/span><span class=\"wpcf7-list-item\"><input type=\"checkbox\" name=\"checkbox-764[]\" value=\"Interneti otsingumootori kaudu leidsin (Google vms)\" \/><span class=\"wpcf7-list-item-label\">Interneti otsingumootori kaudu leidsin (Google vms)<\/span><\/span><span class=\"wpcf7-list-item\"><input type=\"checkbox\" name=\"checkbox-764[]\" value=\"Tulin s\u00f5bra, tuttava soovitusel\" \/><span class=\"wpcf7-list-item-label\">Tulin s\u00f5bra, tuttava soovitusel<\/span><\/span><span class=\"wpcf7-list-item\"><input type=\"checkbox\" name=\"checkbox-764[]\" value=\"T\u00f6\u00f6andja korraldas koolituse \/ soovitas SignNarva\" \/><span class=\"wpcf7-list-item-label\">T\u00f6\u00f6andja korraldas koolituse \/ soovitas SignNarva<\/span><\/span><span class=\"wpcf7-list-item\"><input type=\"checkbox\" name=\"checkbox-764[]\" value=\"N\u00e4gin \/ kuulsin reklaami meedias\" \/><span class=\"wpcf7-list-item-label\">N\u00e4gin \/ kuulsin reklaami meedias<\/span><\/span><span class=\"wpcf7-list-item\"><input type=\"checkbox\" name=\"checkbox-764[]\" value=\"T\u00f6\u00f6tukassa kaudu\" \/><span class=\"wpcf7-list-item-label\">T\u00f6\u00f6tukassa kaudu<\/span><\/span><span class=\"wpcf7-list-item last\"><input type=\"checkbox\" name=\"checkbox-764[]\" value=\"Muu:\" \/><span class=\"wpcf7-list-item-label\">Muu:<\/span><\/span><\/span><\/span><\/p>\n<p><input type=\"submit\" value=\"Saada\" class=\"wpcf7-form-control wpcf7-submit\" \/><\/p>\n<div class=\"wpcf7-response-output wpcf7-display-none\"><\/div><\/form><\/div>\n","protected":false},"excerpt":{"rendered":"<p>Hea keele\u00f5ppija, p\u00f6\u00f6rdume Teie poole palvega p\u00fchendada m\u00f5ned minutid tagasivaateks k\u00e4esolevale keelekursusele. Selleks, et paremini m\u00f5ista \u00f5ppijate ootusi keelekursustele ja parandada edaspidi veelgi \u00f5petamise kvaliteeti, palume<span class=\"excerpt-hellip\"> [\u2026]<\/span><\/p>\n","protected":false},"author":1,"featured_media":0,"parent":0,"menu_order":0,"comment_status":"closed","ping_status":"closed","template":"","meta":[],"_links":{"self":[{"href":"https:\/\/signnarva.ee\/index.php?rest_route=\/wp\/v2\/pages\/307"}],"collection":[{"href":"https:\/\/signnarva.ee\/index.php?rest_route=\/wp\/v2\/pages"}],"about":[{"href":"https:\/\/signnarva.ee\/index.php?rest_route=\/wp\/v2\/types\/page"}],"author":[{"embeddable":true,"href":"https:\/\/signnarva.ee\/index.php?rest_route=\/wp\/v2\/users\/1"}],"replies":[{"embeddable":true,"href":"https:\/\/signnarva.ee\/index.php?rest_route=%2Fwp%2Fv2%2Fcomments&post=307"}],"version-history":[{"count":5,"href":"https:\/\/signnarva.ee\/index.php?rest_route=\/wp\/v2\/pages\/307\/revisions"}],"predecessor-version":[{"id":313,"href":"https:\/\/signnarva.ee\/index.php?rest_route=\/wp\/v2\/pages\/307\/revisions\/313"}],"wp:attachment":[{"href":"https:\/\/signnarva.ee\/index.php?rest_route=%2Fwp%2Fv2%2Fmedia&parent=307"}],"curies":[{"name":"wp","href":"https:\/\/api.w.org\/{rel}","templated":true}]}}