{"id":316,"date":"2020-04-24T08:55:42","date_gmt":"2020-04-24T08:55:42","guid":{"rendered":"http:\/\/signnarva.ee\/?page_id=316"},"modified":"2020-04-27T07:35:41","modified_gmt":"2020-04-27T07:35:41","slug":"tegevusloa-andmed","status":"publish","type":"page","link":"https:\/\/signnarva.ee\/?page_id=316","title":{"rendered":"Tegevusloa andmed"},"content":{"rendered":"<p>Sign Narva O\u00dc tegeleb tasemeeksamiks ettevalmistamisele suunatud eesti keele t\u00e4ienduskoolituse l\u00e4biviimisega ministri k\u00e4skkirja alusel (04.11.2019 nr 1.1-3\/19\/274).<\/p>\n<p>Keeleseaduse \u00a7 283 l\u00f5ike 2 ning haridus- ja teadusministri 9. detsembri 2015 k\u00e4skkirja nr 470<\/p>\n<p>\u201eVolituse andmine Haridus- ja Teadusministeeriumi nimel tegevusloa taotluste<\/p>\n<p>lahendamiseks\u201c alusel:<\/p>\n<p>1. Tuginedes Keeleinspektsiooni 28. oktoobri 2019. a eelhaldusaktile annan tegevusloa Sign Narva O\u00dc-le (registrikood 10927896) keeleoskustasemetel A2 ja B1 tasemeeksamiks ettevalmistamisele suunatud eesti keele t\u00e4ienduskoolituse l\u00e4biviimiseks.<\/p>\n<p>2. K\u00e4skkirja on v\u00f5imalik vaidlustada 30 p\u00e4eva jooksul teatavaks tegemisest, esitades kaebuse Tartu Halduskohtusse halduskohtumenetluse seadustikus s\u00e4testatud korras.<\/p>\n<p>(allkirjastatud digitaalselt)<\/p>\n<p>(allkirjastatud digitaalselt) Mart Laidmets kantsle<\/p>\n<p><a href=\"http:\/\/signnarva.ee\/wp-content\/uploads\/2020\/04\/Kantsleri_2019_KK.pdf\" target=\"_blank\" rel=\"noopener noreferrer\">KANTSLERI K\u00c4SKKIRI<\/a><\/p>\n","protected":false},"excerpt":{"rendered":"<p>Sign Narva O\u00dc tegeleb tasemeeksamiks ettevalmistamisele suunatud eesti keele t\u00e4ienduskoolituse l\u00e4biviimisega ministri k\u00e4skkirja alusel (04.11.2019 nr 1.1-3\/19\/274). Keeleseaduse \u00a7 283 l\u00f5ike 2 ning haridus- ja teadusministri<span class=\"excerpt-hellip\"> [\u2026]<\/span><\/p>\n","protected":false},"author":1,"featured_media":0,"parent":0,"menu_order":0,"comment_status":"closed","ping_status":"closed","template":"","meta":[],"_links":{"self":[{"href":"https:\/\/signnarva.ee\/index.php?rest_route=\/wp\/v2\/pages\/316"}],"collection":[{"href":"https:\/\/signnarva.ee\/index.php?rest_route=\/wp\/v2\/pages"}],"about":[{"href":"https:\/\/signnarva.ee\/index.php?rest_route=\/wp\/v2\/types\/page"}],"author":[{"embeddable":true,"href":"https:\/\/signnarva.ee\/index.php?rest_route=\/wp\/v2\/users\/1"}],"replies":[{"embeddable":true,"href":"https:\/\/signnarva.ee\/index.php?rest_route=%2Fwp%2Fv2%2Fcomments&post=316"}],"version-history":[{"count":7,"href":"https:\/\/signnarva.ee\/index.php?rest_route=\/wp\/v2\/pages\/316\/revisions"}],"predecessor-version":[{"id":335,"href":"https:\/\/signnarva.ee\/index.php?rest_route=\/wp\/v2\/pages\/316\/revisions\/335"}],"wp:attachment":[{"href":"https:\/\/signnarva.ee\/index.php?rest_route=%2Fwp%2Fv2%2Fmedia&parent=316"}],"curies":[{"name":"wp","href":"https:\/\/api.w.org\/{rel}","templated":true}]}}