{"id":555,"date":"2023-04-12T10:25:46","date_gmt":"2023-04-12T10:25:46","guid":{"rendered":"https:\/\/signnarva.ee\/?page_id=555"},"modified":"2023-05-04T09:45:24","modified_gmt":"2023-05-04T09:45:24","slug":"noorem-it-administraator","status":"publish","type":"page","link":"https:\/\/signnarva.ee\/?page_id=555","title":{"rendered":"K\u00fcberohutuse Ja Personaalarvutil T\u00f6\u00f6tamise Alused"},"content":{"rendered":"<a href=\"https:\/\/signnarva.ee\/wp-content\/uploads\/2023\/05\/1.doc.pdf\" class=\"pdfemb-viewer\" style=\"\" data-width=\"max\" data-height=\"max\" data-mobile-width=\"500\"  data-scrollbar=\"none\" data-download=\"on\" data-tracking=\"on\" data-newwindow=\"on\" data-pagetextbox=\"off\" data-scrolltotop=\"off\" data-startzoom=\"100\" data-startfpzoom=\"100\" data-toolbar=\"bottom\" data-toolbar-fixed=\"off\">1.doc<br\/><\/a>\n","protected":false},"excerpt":{"rendered":"","protected":false},"author":1,"featured_media":0,"parent":0,"menu_order":0,"comment_status":"closed","ping_status":"closed","template":"","meta":[],"_links":{"self":[{"href":"https:\/\/signnarva.ee\/index.php?rest_route=\/wp\/v2\/pages\/555"}],"collection":[{"href":"https:\/\/signnarva.ee\/index.php?rest_route=\/wp\/v2\/pages"}],"about":[{"href":"https:\/\/signnarva.ee\/index.php?rest_route=\/wp\/v2\/types\/page"}],"author":[{"embeddable":true,"href":"https:\/\/signnarva.ee\/index.php?rest_route=\/wp\/v2\/users\/1"}],"replies":[{"embeddable":true,"href":"https:\/\/signnarva.ee\/index.php?rest_route=%2Fwp%2Fv2%2Fcomments&post=555"}],"version-history":[{"count":4,"href":"https:\/\/signnarva.ee\/index.php?rest_route=\/wp\/v2\/pages\/555\/revisions"}],"predecessor-version":[{"id":565,"href":"https:\/\/signnarva.ee\/index.php?rest_route=\/wp\/v2\/pages\/555\/revisions\/565"}],"wp:attachment":[{"href":"https:\/\/signnarva.ee\/index.php?rest_route=%2Fwp%2Fv2%2Fmedia&parent=555"}],"curies":[{"name":"wp","href":"https:\/\/api.w.org\/{rel}","templated":true}]}}